{"id":1857,"date":"2025-04-04T17:48:55","date_gmt":"2025-04-04T17:48:55","guid":{"rendered":"https:\/\/www.protectgear.cl\/?post_type=product&#038;p=1857"},"modified":"2025-07-02T18:31:01","modified_gmt":"2025-07-02T18:31:01","slug":"repisa-fm9","status":"publish","type":"product","link":"https:\/\/www.protectgear.cl\/en\/product\/repisa-fm9\/","title":{"rendered":"Repisa para Multiefectos (tama\u00f1o referencia Fractal FM9)"},"content":{"rendered":"<ul>\n<li>Base met\u00e1lica resistente en fierro 20-20, en 1,5mm de espesor con estructura acr\u00edlica exterior y kit de instalaci\u00f3n, el valor de la repisa puede variar si se solicita de mayor tama\u00f1o y se mantiene hasta por 20cm menos del tama\u00f1o publicado (desde 40cm de ancho)<\/li>\n<li>El env\u00edo puede ser paletizado por un costo adicional de $15.000 (caja de madera)<\/li>\n<\/ul>","protected":false},"excerpt":{"rendered":"<p>Base met\u00e1lica resistente en fierro 20-20, en 1,5mm de espesor con estructura acr\u00edlica exterior y kit de instalaci\u00f3n, el valor de la repisa puede variar si se solicita de mayor tama\u00f1o y se mantiene hasta por 20cm menos del tama\u00f1o publicado (desde 40cm de ancho) El env\u00edo puede ser paletizado por un costo adicional de [&hellip;]<\/p>\n","protected":false},"featured_media":1931,"template":"","meta":{"_et_pb_use_builder":"","_et_pb_old_content":"","_et_gb_content_width":""},"product_brand":[],"product_cat":[42,15],"product_tag":[],"class_list":{"0":"post-1857","1":"product","2":"type-product","3":"status-publish","4":"has-post-thumbnail","6":"product_cat-home-studio","7":"product_cat-otros-productos","9":"first","10":"instock","11":"taxable","12":"shipping-taxable","13":"purchasable","14":"product-type-simple"},"_links":{"self":[{"href":"https:\/\/www.protectgear.cl\/en\/wp-json\/wp\/v2\/product\/1857","targetHints":{"allow":["GET"]}}],"collection":[{"href":"https:\/\/www.protectgear.cl\/en\/wp-json\/wp\/v2\/product"}],"about":[{"href":"https:\/\/www.protectgear.cl\/en\/wp-json\/wp\/v2\/types\/product"}],"wp:featuredmedia":[{"embeddable":true,"href":"https:\/\/www.protectgear.cl\/en\/wp-json\/wp\/v2\/media\/1931"}],"wp:attachment":[{"href":"https:\/\/www.protectgear.cl\/en\/wp-json\/wp\/v2\/media?parent=1857"}],"wp:term":[{"taxonomy":"product_brand","embeddable":true,"href":"https:\/\/www.protectgear.cl\/en\/wp-json\/wp\/v2\/product_brand?post=1857"},{"taxonomy":"product_cat","embeddable":true,"href":"https:\/\/www.protectgear.cl\/en\/wp-json\/wp\/v2\/product_cat?post=1857"},{"taxonomy":"product_tag","embeddable":true,"href":"https:\/\/www.protectgear.cl\/en\/wp-json\/wp\/v2\/product_tag?post=1857"}],"curies":[{"name":"wp","href":"https:\/\/api.w.org\/{rel}","templated":true}]}}