{"id":1811,"date":"2025-02-07T16:20:17","date_gmt":"2025-02-07T16:20:17","guid":{"rendered":"https:\/\/www.protectgear.cl\/?post_type=product&#038;p=1811"},"modified":"2026-01-07T20:17:04","modified_gmt":"2026-01-07T20:17:04","slug":"set-de-cuerdas-guitarra-electrica-daddario-nyxl1046","status":"publish","type":"product","link":"https:\/\/www.protectgear.cl\/en\/product\/set-de-cuerdas-guitarra-electrica-daddario-nyxl1046\/","title":{"rendered":"Set De Cuerdas Guitarra El\u00e9ctrica D&#8217;Addario NYXL1046"},"content":{"rendered":"<p>El juego NYXL1046 est\u00e1 dise\u00f1ado con los calibres de cuerdas m\u00e1s populares para su combinaci\u00f3n ideal de flexibilidad y tono.<\/p>\n<p>* Las cuerdas para guitarra DAddario NYXL se estirar\u00e1n m\u00e1s, tendr\u00e1n m\u00e1s volumen y mantendr\u00e1n la afinaci\u00f3n mejor que cualquier otra cuerda que usted haya tocado antes. Ideado, perfeccionado y fabricado por DAddario en Nueva York, este n\u00facleo de acero al carbono y aleaci\u00f3n de acero liso de nuevo desarrollo y resistente a las roturas ofrecen todo un nuevo nivel de libertad, confianza y potencia. Las NYXL ofrecen m\u00e1s resistencia y hasta un 131\u00a0% m\u00e1s de estabilidad de afinaci\u00f3n al utilizar un proceso de estirado de cable totalmente reinventado combinado con un revolucionario proceso de \u00abtorsi\u00f3n de fusi\u00f3n\u00bb para las cuerdas de acero liso. Los enrollados de cuerda chapada en n\u00edquel reformulados tienen mayores propiedades magn\u00e9ticas que les confieren una mayor potencia de salida y mejor respuesta a las frecuencias medias para mayor presencia y ataque.<br \/>\n* Las NYXL est\u00e1n fabricadas con el exclusivo acero al carbono fabricado en Nueva York de DAddario para una resistencia y una estabilidad de afinaci\u00f3n sin precedentes.<br \/>\n* Estabilidad de afinaci\u00f3n mejorada en comparaci\u00f3n con las cuerdas de entorchado de n\u00edquel tradicionales &#8211; afinan m\u00e1s r\u00e1pido, se mantienen afinadas mejor<br \/>\n* Cuerdas entorchadas con una respuesta mejorada a las frecuencias medias en el rango de 1 &#8211; 3,5 kHz m\u00e1s presencia y ataque para traspasar la mezcla<br \/>\n* El NYXL1046 ofrece una combinaci\u00f3n ideal de tacto c\u00f3modo y tono el\u00e9ctrico ideal: Acero .010, .013, .017, Entorchado de n\u00edquel .026, .036, .046<\/p>","protected":false},"excerpt":{"rendered":"<p>El juego NYXL1046 est\u00e1 dise\u00f1ado con los calibres de cuerdas m\u00e1s populares para su combinaci\u00f3n ideal de flexibilidad y tono. * Las cuerdas para guitarra DAddario NYXL se estirar\u00e1n m\u00e1s, tendr\u00e1n m\u00e1s volumen y mantendr\u00e1n la afinaci\u00f3n mejor que cualquier otra cuerda que usted haya tocado antes. Ideado, perfeccionado y fabricado por DAddario en Nueva [&hellip;]<\/p>\n","protected":false},"featured_media":1812,"template":"","meta":{"_et_pb_use_builder":"","_et_pb_old_content":"","_et_gb_content_width":""},"product_brand":[125],"product_cat":[124],"product_tag":[],"class_list":{"0":"post-1811","1":"product","2":"type-product","3":"status-publish","4":"has-post-thumbnail","6":"product_brand-daddario","7":"product_cat-cuerdas","9":"first","10":"outofstock","11":"taxable","12":"shipping-taxable","13":"purchasable","14":"product-type-simple"},"_links":{"self":[{"href":"https:\/\/www.protectgear.cl\/en\/wp-json\/wp\/v2\/product\/1811","targetHints":{"allow":["GET"]}}],"collection":[{"href":"https:\/\/www.protectgear.cl\/en\/wp-json\/wp\/v2\/product"}],"about":[{"href":"https:\/\/www.protectgear.cl\/en\/wp-json\/wp\/v2\/types\/product"}],"wp:featuredmedia":[{"embeddable":true,"href":"https:\/\/www.protectgear.cl\/en\/wp-json\/wp\/v2\/media\/1812"}],"wp:attachment":[{"href":"https:\/\/www.protectgear.cl\/en\/wp-json\/wp\/v2\/media?parent=1811"}],"wp:term":[{"taxonomy":"product_brand","embeddable":true,"href":"https:\/\/www.protectgear.cl\/en\/wp-json\/wp\/v2\/product_brand?post=1811"},{"taxonomy":"product_cat","embeddable":true,"href":"https:\/\/www.protectgear.cl\/en\/wp-json\/wp\/v2\/product_cat?post=1811"},{"taxonomy":"product_tag","embeddable":true,"href":"https:\/\/www.protectgear.cl\/en\/wp-json\/wp\/v2\/product_tag?post=1811"}],"curies":[{"name":"wp","href":"https:\/\/api.w.org\/{rel}","templated":true}]}}