{"id":1806,"date":"2025-02-07T16:06:22","date_gmt":"2025-02-07T16:06:22","guid":{"rendered":"https:\/\/www.protectgear.cl\/?post_type=product&#038;p=1806"},"modified":"2026-01-07T20:27:45","modified_gmt":"2026-01-07T20:27:45","slug":"cuerdas-guitarra-electrica-de-7-regular-slinky-ernie-ball-10-56-2621","status":"publish","type":"product","link":"https:\/\/www.protectgear.cl\/en\/product\/cuerdas-guitarra-electrica-de-7-regular-slinky-ernie-ball-10-56-2621\/","title":{"rendered":"Cuerdas Guitarra El\u00e9ctrica de 7 Regular Slinky Ernie Ball 10-56 2621"},"content":{"rendered":"<p>Las cuerdas para guitarra el\u00e9ctrica Ernie Ball Nickel Wound est\u00e1n hechas de alambre de acero niquelado envuelto alrededor de un alambre con n\u00facleo de acero con forma hexagonal esta\u00f1ado.\u00a0Las cuerdas lisas est\u00e1n hechas de acero de alto carbono esta\u00f1ado especialmente templado que produce un tono bien equilibrado para su guitarra.\u00a0Calibres .010, .013, .017, .026, .036, .046, .056<\/p>\n<ul>\n<li><strong>Sonido Brillante y Equilibrado<\/strong>: Estas cuerdas est\u00e1n dise\u00f1adas para producir un tono brillante y equilibrado en tu guitarra el\u00e9ctrica, lo que mejora la calidad de tu m\u00fasica.<\/li>\n<li><strong>Materiales de Alta Calidad<\/strong>: Est\u00e1n fabricadas con alambre de acero niquelado que se enrolla alrededor de un n\u00facleo de acero con forma hexagonal esta\u00f1ado. Adem\u00e1s, las cuerdas lisas est\u00e1n hechas de acero de alto carbono esta\u00f1ado especialmente templado, lo que contribuye a su calidad tonal.<\/li>\n<li><strong>Calibres Vers\u00e1tiles<\/strong>: El conjunto de cuerdas incluye una variedad de calibres, desde .010 hasta .056, lo que las hace vers\u00e1tiles y adecuadas para una amplia gama de g\u00e9neros musicales y estilos de juego.<\/li>\n<li><strong>Durabilidad y Longevidad<\/strong>: Gracias a los materiales de alta calidad y la fabricaci\u00f3n precisa, estas cuerdas son duraderas y mantienen su tono durante mucho tiempo, lo que significa menos cambios de cuerdas.<\/li>\n<li><strong>Afinaci\u00f3n Estable<\/strong>: Ofrecen una excelente estabilidad de afinaci\u00f3n, lo que es esencial para m\u00fasicos que desean mantener su guitarra afinada durante actuaciones en vivo y sesiones de grabaci\u00f3n.<\/li>\n<li><strong>Amplia Aplicaci\u00f3n Musical<\/strong>: Son ideales para m\u00fasicos que buscan un sonido consistente y vers\u00e1til en su guitarra el\u00e9ctrica, ya sea que toquen rock, blues, jazz, pop u otros g\u00e9neros.<\/li>\n<\/ul>","protected":false},"excerpt":{"rendered":"<p>Las cuerdas para guitarra el\u00e9ctrica Ernie Ball Nickel Wound est\u00e1n hechas de alambre de acero niquelado envuelto alrededor de un alambre con n\u00facleo de acero con forma hexagonal esta\u00f1ado.\u00a0Las cuerdas lisas est\u00e1n hechas de acero de alto carbono esta\u00f1ado especialmente templado que produce un tono bien equilibrado para su guitarra.\u00a0Calibres .010, .013, .017, .026, .036, [&hellip;]<\/p>\n","protected":false},"featured_media":1808,"template":"","meta":{"_et_pb_use_builder":"","_et_pb_old_content":"","_et_gb_content_width":""},"product_brand":[127],"product_cat":[124],"product_tag":[],"class_list":{"0":"post-1806","1":"product","2":"type-product","3":"status-publish","4":"has-post-thumbnail","6":"product_brand-ernie-ball","7":"product_cat-cuerdas","9":"first","10":"instock","11":"taxable","12":"shipping-taxable","13":"purchasable","14":"product-type-simple"},"_links":{"self":[{"href":"https:\/\/www.protectgear.cl\/en\/wp-json\/wp\/v2\/product\/1806","targetHints":{"allow":["GET"]}}],"collection":[{"href":"https:\/\/www.protectgear.cl\/en\/wp-json\/wp\/v2\/product"}],"about":[{"href":"https:\/\/www.protectgear.cl\/en\/wp-json\/wp\/v2\/types\/product"}],"wp:featuredmedia":[{"embeddable":true,"href":"https:\/\/www.protectgear.cl\/en\/wp-json\/wp\/v2\/media\/1808"}],"wp:attachment":[{"href":"https:\/\/www.protectgear.cl\/en\/wp-json\/wp\/v2\/media?parent=1806"}],"wp:term":[{"taxonomy":"product_brand","embeddable":true,"href":"https:\/\/www.protectgear.cl\/en\/wp-json\/wp\/v2\/product_brand?post=1806"},{"taxonomy":"product_cat","embeddable":true,"href":"https:\/\/www.protectgear.cl\/en\/wp-json\/wp\/v2\/product_cat?post=1806"},{"taxonomy":"product_tag","embeddable":true,"href":"https:\/\/www.protectgear.cl\/en\/wp-json\/wp\/v2\/product_tag?post=1806"}],"curies":[{"name":"wp","href":"https:\/\/api.w.org\/{rel}","templated":true}]}}