{"id":1767,"date":"2025-02-07T18:18:23","date_gmt":"2025-02-07T18:18:23","guid":{"rendered":"https:\/\/www.protectgear.cl\/?post_type=product&#038;p=1767"},"modified":"2025-12-30T20:25:38","modified_gmt":"2025-12-30T20:25:38","slug":"usado-guitarra-legator-g7pf-7-cuerdas","status":"publish","type":"product","link":"https:\/\/www.protectgear.cl\/en\/product\/usado-guitarra-legator-g7pf-7-cuerdas\/","title":{"rendered":"USADO | Guitarra Legator G7PF (7 cuerdas)"},"content":{"rendered":"<ul>\n<li>Brazo bolt-on (atornillado) de 5 piezas de caoba\/maple<\/li>\n<li>Escala de 25.5\u2033-27\u2033<\/li>\n<li>Diapas\u00f3n de \u00e9bano de radio de 18\u2033<\/li>\n<li>Inlays redondos no centrados de abalone<\/li>\n<li>Luminlay laterales redondos<\/li>\n<li>24 Frets medium jumbo de n\u00edquel<\/li>\n<li>Cuerpo de Ash<\/li>\n<li>Volumen general y tono, selector de c\u00e1psulas de 3 posiciones<\/li>\n<li>Nuez &amp; Puente exclusivos con bloqueo Ghost Legator<\/li>\n<li>C\u00e1psulas fishman fluence modern activas instaladas (valor referencial $290.000)<\/li>\n<li>Incluye sus Capsulas originales Humbuckers pasivos \u00abHive\u00bb Legator<\/li>\n<li>Hardcase a la medida alta resistencia (valor referencial $170.000)<\/li>\n<li>Custom vinilo rojo sangre (se puede retirar sin da\u00f1ar acabado)<\/li>\n<\/ul>","protected":false},"excerpt":{"rendered":"<p>Brazo bolt-on (atornillado) de 5 piezas de caoba\/maple Escala de 25.5\u2033-27\u2033 Diapas\u00f3n de \u00e9bano de radio de 18\u2033 Inlays redondos no centrados de abalone Luminlay laterales redondos 24 Frets medium jumbo de n\u00edquel Cuerpo de Ash Volumen general y tono, selector de c\u00e1psulas de 3 posiciones Nuez &amp; Puente exclusivos con bloqueo Ghost Legator C\u00e1psulas [&hellip;]<\/p>\n","protected":false},"featured_media":1768,"template":"","meta":{"_et_pb_use_builder":"","_et_pb_old_content":"","_et_gb_content_width":""},"product_brand":[110],"product_cat":[129,103],"product_tag":[],"class_list":{"0":"post-1767","1":"product","2":"type-product","3":"status-publish","4":"has-post-thumbnail","6":"product_brand-legator","7":"product_cat-guitarras","8":"product_cat-usados","10":"first","11":"instock","12":"sale","13":"taxable","14":"shipping-taxable","15":"purchasable","16":"product-type-simple"},"_links":{"self":[{"href":"https:\/\/www.protectgear.cl\/en\/wp-json\/wp\/v2\/product\/1767","targetHints":{"allow":["GET"]}}],"collection":[{"href":"https:\/\/www.protectgear.cl\/en\/wp-json\/wp\/v2\/product"}],"about":[{"href":"https:\/\/www.protectgear.cl\/en\/wp-json\/wp\/v2\/types\/product"}],"wp:featuredmedia":[{"embeddable":true,"href":"https:\/\/www.protectgear.cl\/en\/wp-json\/wp\/v2\/media\/1768"}],"wp:attachment":[{"href":"https:\/\/www.protectgear.cl\/en\/wp-json\/wp\/v2\/media?parent=1767"}],"wp:term":[{"taxonomy":"product_brand","embeddable":true,"href":"https:\/\/www.protectgear.cl\/en\/wp-json\/wp\/v2\/product_brand?post=1767"},{"taxonomy":"product_cat","embeddable":true,"href":"https:\/\/www.protectgear.cl\/en\/wp-json\/wp\/v2\/product_cat?post=1767"},{"taxonomy":"product_tag","embeddable":true,"href":"https:\/\/www.protectgear.cl\/en\/wp-json\/wp\/v2\/product_tag?post=1767"}],"curies":[{"name":"wp","href":"https:\/\/api.w.org\/{rel}","templated":true}]}}