{"id":1755,"date":"2025-02-07T17:23:40","date_gmt":"2025-02-07T17:23:40","guid":{"rendered":"https:\/\/www.protectgear.cl\/?post_type=product&#038;p=1755"},"modified":"2026-01-26T04:22:34","modified_gmt":"2026-01-26T04:22:34","slug":"usado-pedal-boss-ns-2-supresor-de-ruido","status":"publish","type":"product","link":"https:\/\/www.protectgear.cl\/en\/product\/usado-pedal-boss-ns-2-supresor-de-ruido\/","title":{"rendered":"USADO | Pedal Boss NS-2 &#8211; Supresor de ruido"},"content":{"rendered":"<p>El pedal compacto\u00a0<strong>NS-2<\/strong>\u00a0elimina las interferencias y los zumbidos sin alterar el tono.<\/p>\n<p>Un circuito de detecci\u00f3n de interferencias conserva el ataque y la envolvente natural, dejando su interpretaci\u00f3n y din\u00e1micas intactas.<\/p>\n<p><iframe loading=\"lazy\" title=\"BOSS NS-2 Noise Suppressor [BOSS Sound Check]\" src=\"https:\/\/www.youtube.com\/embed\/OazAyqkR2nI\" width=\"1280\" height=\"720\" frameborder=\"0\" allowfullscreen=\"allowfullscreen\"><\/iframe><\/p>\n","protected":false},"excerpt":{"rendered":"<p>El pedal compacto\u00a0NS-2\u00a0elimina las interferencias y los zumbidos sin alterar el tono. Un circuito de detecci\u00f3n de interferencias conserva el ataque y la envolvente natural, dejando su interpretaci\u00f3n y din\u00e1micas intactas.<\/p>","protected":false},"featured_media":1819,"template":"","meta":{"_et_pb_use_builder":"","_et_pb_old_content":"","_et_gb_content_width":""},"product_brand":[104],"product_cat":[128,103],"product_tag":[],"class_list":{"0":"post-1755","1":"product","2":"type-product","3":"status-publish","4":"has-post-thumbnail","6":"product_brand-boss","7":"product_cat-pedales","8":"product_cat-usados","10":"first","11":"outofstock","12":"sale","13":"taxable","14":"shipping-taxable","15":"purchasable","16":"product-type-simple"},"_links":{"self":[{"href":"https:\/\/www.protectgear.cl\/en\/wp-json\/wp\/v2\/product\/1755","targetHints":{"allow":["GET"]}}],"collection":[{"href":"https:\/\/www.protectgear.cl\/en\/wp-json\/wp\/v2\/product"}],"about":[{"href":"https:\/\/www.protectgear.cl\/en\/wp-json\/wp\/v2\/types\/product"}],"wp:featuredmedia":[{"embeddable":true,"href":"https:\/\/www.protectgear.cl\/en\/wp-json\/wp\/v2\/media\/1819"}],"wp:attachment":[{"href":"https:\/\/www.protectgear.cl\/en\/wp-json\/wp\/v2\/media?parent=1755"}],"wp:term":[{"taxonomy":"product_brand","embeddable":true,"href":"https:\/\/www.protectgear.cl\/en\/wp-json\/wp\/v2\/product_brand?post=1755"},{"taxonomy":"product_cat","embeddable":true,"href":"https:\/\/www.protectgear.cl\/en\/wp-json\/wp\/v2\/product_cat?post=1755"},{"taxonomy":"product_tag","embeddable":true,"href":"https:\/\/www.protectgear.cl\/en\/wp-json\/wp\/v2\/product_tag?post=1755"}],"curies":[{"name":"wp","href":"https:\/\/api.w.org\/{rel}","templated":true}]}}