{"id":1743,"date":"2025-02-06T18:27:50","date_gmt":"2025-02-06T18:27:50","guid":{"rendered":"https:\/\/www.protectgear.cl\/?post_type=product&#038;p=1743"},"modified":"2025-02-28T15:17:19","modified_gmt":"2025-02-28T15:17:19","slug":"usado-pedal-ibanez-csmini-chorus","status":"publish","type":"product","link":"https:\/\/www.protectgear.cl\/en\/product\/usado-pedal-ibanez-csmini-chorus\/","title":{"rendered":"USADO | Pedal Ibanez CSMINI &#8211; Chorus"},"content":{"rendered":"<p>Entendemos que necesitas espacio, por eso ahora el CHORUS CSMINI de IBANEZ est\u00e1 disponible en una versi\u00f3n mini. Cuenta con controles de profundidad, velocidad y nivel. Adem\u00e1s cuenta con salidas y entradas en formato jack 1\/4 pulgada, fuente de alimentaci\u00f3n externa: DC 9V (pin central negativo) y true bypass.<\/p>\n<p>&nbsp;<\/p>\n<div class=\"vtex-flex-layout-0-x-flexRow vtex-flex-layout-0-x-flexRow--productSpecification\">\n<div class=\"flex mt0 mb0 pt0 pb0 justify-start vtex-flex-layout-0-x-flexRowContent vtex-flex-layout-0-x-flexRowContent--productSpecification items-stretch w-100\">\n<div class=\"pr7 items-stretch vtex-flex-layout-0-x-stretchChildrenWidth flex\">\n<div class=\"vtex-flex-layout-0-x-flexCol vtex-flex-layout-0-x-flexCol--productSpecificationName-ficha-tecnica ml0 mr0 pl0 pr0 flex flex-column h-100 w-100\">\n<blockquote>\n<div><strong>FICHA T\u00c9CNICA<\/strong><\/div>\n<\/blockquote>\n<div class=\"vtex-flex-layout-0-x-flexColChild vtex-flex-layout-0-x-flexColChild--productSpecificationName-ficha-tecnica pb0\"><span class=\"vtex-product-specifications-1-x-specificationName\" data-specification-group=\"Ficha T\u00e9cnica\" data-specification-name=\"Marca\"><strong>Marca:<\/strong> <\/span>Ibanez<\/div>\n<\/div>\n<\/div>\n<\/div>\n<\/div>\n<div class=\"vtex-flex-layout-0-x-flexRow vtex-flex-layout-0-x-flexRow--productSpecification\">\n<div class=\"flex mt0 mb0 pt0 pb0 justify-start vtex-flex-layout-0-x-flexRowContent vtex-flex-layout-0-x-flexRowContent--productSpecification items-stretch w-100\">\n<div class=\"pr7 items-stretch vtex-flex-layout-0-x-stretchChildrenWidth flex\">\n<div class=\"vtex-flex-layout-0-x-flexCol vtex-flex-layout-0-x-flexCol--productSpecificationName-ficha-tecnica ml0 mr0 pl0 pr0 flex flex-column h-100 w-100\">\n<div class=\"vtex-flex-layout-0-x-flexColChild vtex-flex-layout-0-x-flexColChild--productSpecificationName-ficha-tecnica pb0\"><strong><span class=\"vtex-product-specifications-1-x-specificationName\" data-specification-group=\"Ficha T\u00e9cnica\" data-specification-name=\"Controles\">Controles: <\/span><\/strong>Controles de profundidad, velocidad y nivel<\/div>\n<\/div>\n<\/div>\n<\/div>\n<\/div>\n<div class=\"vtex-flex-layout-0-x-flexRow vtex-flex-layout-0-x-flexRow--productSpecification\">\n<div class=\"flex mt0 mb0 pt0 pb0 justify-start vtex-flex-layout-0-x-flexRowContent vtex-flex-layout-0-x-flexRowContent--productSpecification items-stretch w-100\">\n<div class=\"pr7 items-stretch vtex-flex-layout-0-x-stretchChildrenWidth flex\">\n<div class=\"vtex-flex-layout-0-x-flexCol vtex-flex-layout-0-x-flexCol--productSpecificationName-ficha-tecnica ml0 mr0 pl0 pr0 flex flex-column h-100 w-100\">\n<div class=\"vtex-flex-layout-0-x-flexColChild vtex-flex-layout-0-x-flexColChild--productSpecificationName-ficha-tecnica pb0\"><span class=\"vtex-product-specifications-1-x-specificationName\" data-specification-group=\"Ficha T\u00e9cnica\" data-specification-name=\"Efectos\"><strong>Efectos:<\/strong> <\/span>Chorus<\/div>\n<\/div>\n<\/div>\n<\/div>\n<\/div>\n<div class=\"vtex-flex-layout-0-x-flexRow vtex-flex-layout-0-x-flexRow--productSpecification\">\n<div class=\"flex mt0 mb0 pt0 pb0 justify-start vtex-flex-layout-0-x-flexRowContent vtex-flex-layout-0-x-flexRowContent--productSpecification items-stretch w-100\">\n<div class=\"pr7 items-stretch vtex-flex-layout-0-x-stretchChildrenWidth flex\">\n<div class=\"vtex-flex-layout-0-x-flexCol vtex-flex-layout-0-x-flexCol--productSpecificationName-ficha-tecnica ml0 mr0 pl0 pr0 flex flex-column h-100 w-100\">\n<div class=\"vtex-flex-layout-0-x-flexColChild vtex-flex-layout-0-x-flexColChild--productSpecificationName-ficha-tecnica pb0\"><strong><span class=\"vtex-product-specifications-1-x-specificationName\" data-specification-group=\"Ficha T\u00e9cnica\" data-specification-name=\"Otras caracter\u00edsticas\">Otras caracter\u00edsticas: <\/span><\/strong>True Bypass<\/div>\n<\/div>\n<\/div>\n<\/div>\n<\/div>\n<div class=\"vtex-flex-layout-0-x-flexRow vtex-flex-layout-0-x-flexRow--productSpecification\">\n<div class=\"flex mt0 mb0 pt0 pb0 justify-start vtex-flex-layout-0-x-flexRowContent vtex-flex-layout-0-x-flexRowContent--productSpecification items-stretch w-100\">\n<div class=\"pr7 items-stretch vtex-flex-layout-0-x-stretchChildrenWidth flex\">\n<div class=\"vtex-flex-layout-0-x-flexCol vtex-flex-layout-0-x-flexCol--productSpecificationName-ficha-tecnica ml0 mr0 pl0 pr0 flex flex-column h-100 w-100\">\n<div class=\"vtex-flex-layout-0-x-flexColChild vtex-flex-layout-0-x-flexColChild--productSpecificationName-ficha-tecnica pb0\"><strong><span class=\"vtex-product-specifications-1-x-specificationName\" data-specification-group=\"Ficha T\u00e9cnica\" data-specification-name=\"Entradas\">Entradas: <\/span><\/strong>Jack 1\/4 pulgada<\/div>\n<\/div>\n<\/div>\n<\/div>\n<\/div>\n<p><iframe loading=\"lazy\" title=\"Ibanez: Chorus MINI\" src=\"https:\/\/www.youtube.com\/embed\/L5i1L1Bqt0A\" width=\"1280\" height=\"720\" frameborder=\"0\" allowfullscreen=\"allowfullscreen\"><\/iframe><\/p>","protected":false},"excerpt":{"rendered":"<p>Entendemos que necesitas espacio, por eso ahora el CHORUS CSMINI de IBANEZ est\u00e1 disponible en una versi\u00f3n mini. Cuenta con controles de profundidad, velocidad y nivel. Adem\u00e1s cuenta con salidas y entradas en formato jack 1\/4 pulgada, fuente de alimentaci\u00f3n externa: DC 9V (pin central negativo) y true bypass. &nbsp; FICHA T\u00c9CNICA Marca: Ibanez Controles: [&hellip;]<\/p>\n","protected":false},"featured_media":1788,"template":"","meta":{"_et_pb_use_builder":"","_et_pb_old_content":"","_et_gb_content_width":""},"product_brand":[106],"product_cat":[128,103],"product_tag":[],"class_list":{"0":"post-1743","1":"product","2":"type-product","3":"status-publish","4":"has-post-thumbnail","6":"product_brand-ibanez","7":"product_cat-pedales","8":"product_cat-usados","10":"first","11":"instock","12":"sale","13":"taxable","14":"shipping-taxable","15":"purchasable","16":"product-type-simple"},"_links":{"self":[{"href":"https:\/\/www.protectgear.cl\/en\/wp-json\/wp\/v2\/product\/1743","targetHints":{"allow":["GET"]}}],"collection":[{"href":"https:\/\/www.protectgear.cl\/en\/wp-json\/wp\/v2\/product"}],"about":[{"href":"https:\/\/www.protectgear.cl\/en\/wp-json\/wp\/v2\/types\/product"}],"wp:featuredmedia":[{"embeddable":true,"href":"https:\/\/www.protectgear.cl\/en\/wp-json\/wp\/v2\/media\/1788"}],"wp:attachment":[{"href":"https:\/\/www.protectgear.cl\/en\/wp-json\/wp\/v2\/media?parent=1743"}],"wp:term":[{"taxonomy":"product_brand","embeddable":true,"href":"https:\/\/www.protectgear.cl\/en\/wp-json\/wp\/v2\/product_brand?post=1743"},{"taxonomy":"product_cat","embeddable":true,"href":"https:\/\/www.protectgear.cl\/en\/wp-json\/wp\/v2\/product_cat?post=1743"},{"taxonomy":"product_tag","embeddable":true,"href":"https:\/\/www.protectgear.cl\/en\/wp-json\/wp\/v2\/product_tag?post=1743"}],"curies":[{"name":"wp","href":"https:\/\/api.w.org\/{rel}","templated":true}]}}