{"id":1741,"date":"2025-02-06T18:18:53","date_gmt":"2025-02-06T18:18:53","guid":{"rendered":"https:\/\/www.protectgear.cl\/?post_type=product&#038;p=1741"},"modified":"2025-11-22T00:05:07","modified_gmt":"2025-11-22T00:05:07","slug":"usado-pedal-boss-sd-1-super-overdrive","status":"publish","type":"product","link":"https:\/\/www.protectgear.cl\/en\/product\/usado-pedal-boss-sd-1-super-overdrive\/","title":{"rendered":"USADO | Pedal Boss SD-1 &#8211; Super Overdrive"},"content":{"rendered":"<p>El\u00a0<strong>BOSS SD-1<\/strong>\u00a0utiliza la circuiter\u00eda asim\u00e9trica de sobrecarga de BOSS para obtener sonidos c\u00e1lidos y suaves de saturaci\u00f3n que responden a tu estilo de interpretaci\u00f3n y manera de ejecutar la guitarra, tal como lo har\u00eda un amplificador de tubos. Incluye un control de Tono para llamar al efecto justamente en el sonido correcto.<\/p>\n<p>Este es uno de los pedales m\u00e1s sutiles y suaves de BOSS, perfecto para blues y rock.<\/p>\n<p>&nbsp;<\/p>\n<div class=\"vtex-flex-layout-0-x-flexColChild pb0\">\n<div class=\"vtex-flex-layout-0-x-flexRow vtex-flex-layout-0-x-flexRow--productSpecificationGroupName-ficha-tecnica\">\n<div class=\"flex mt0 mb0 pt0 pb0 justify-start vtex-flex-layout-0-x-flexRowContent vtex-flex-layout-0-x-flexRowContent--productSpecificationGroupName-ficha-tecnica items-stretch w-100\">\n<blockquote>\n<div class=\"pr0 items-stretch vtex-flex-layout-0-x-stretchChildrenWidth flex\"><strong>FICHA T\u00c9CNICA Y DIMENSIONES<\/strong><\/div>\n<\/blockquote>\n<\/div>\n<\/div>\n<\/div>\n<div class=\"vtex-flex-layout-0-x-flexColChild pb0\">\n<div class=\"vtex-flex-layout-0-x-flexRow vtex-flex-layout-0-x-flexRow--productSpecification\">\n<div class=\"flex mt0 mb0 pt0 pb0 justify-start vtex-flex-layout-0-x-flexRowContent vtex-flex-layout-0-x-flexRowContent--productSpecification items-stretch w-100\">\n<div class=\"pr7 items-stretch vtex-flex-layout-0-x-stretchChildrenWidth flex\">\n<div class=\"vtex-flex-layout-0-x-flexCol vtex-flex-layout-0-x-flexCol--productSpecificationName-ficha-tecnica ml0 mr0 pl0 pr0 flex flex-column h-100 w-100\">\n<ul>\n<li class=\"vtex-flex-layout-0-x-flexColChild vtex-flex-layout-0-x-flexColChild--productSpecificationName-ficha-tecnica pb0\"><span class=\"vtex-product-specifications-1-x-specificationName\" data-specification-group=\"Ficha T\u00e9cnica\" data-specification-name=\"Marca\">Marca: <\/span>Boss<\/li>\n<\/ul>\n<\/div>\n<\/div>\n<\/div>\n<\/div>\n<div class=\"vtex-flex-layout-0-x-flexRow vtex-flex-layout-0-x-flexRow--productSpecification\">\n<div class=\"flex mt0 mb0 pt0 pb0 justify-start vtex-flex-layout-0-x-flexRowContent vtex-flex-layout-0-x-flexRowContent--productSpecification items-stretch w-100\">\n<div class=\"pr7 items-stretch vtex-flex-layout-0-x-stretchChildrenWidth flex\">\n<div class=\"vtex-flex-layout-0-x-flexCol vtex-flex-layout-0-x-flexCol--productSpecificationName-ficha-tecnica ml0 mr0 pl0 pr0 flex flex-column h-100 w-100\">\n<ul>\n<li class=\"vtex-flex-layout-0-x-flexColChild vtex-flex-layout-0-x-flexColChild--productSpecificationName-ficha-tecnica pb0\"><span class=\"vtex-product-specifications-1-x-specificationName\" data-specification-group=\"Ficha T\u00e9cnica\" data-specification-name=\"Controles\">Controles: <\/span>Level, Tono, Drive<\/li>\n<\/ul>\n<\/div>\n<\/div>\n<\/div>\n<\/div>\n<div class=\"vtex-flex-layout-0-x-flexRow vtex-flex-layout-0-x-flexRow--productSpecification\">\n<div class=\"flex mt0 mb0 pt0 pb0 justify-start vtex-flex-layout-0-x-flexRowContent vtex-flex-layout-0-x-flexRowContent--productSpecification items-stretch w-100\">\n<div class=\"pr7 items-stretch vtex-flex-layout-0-x-stretchChildrenWidth flex\">\n<div class=\"vtex-flex-layout-0-x-flexCol vtex-flex-layout-0-x-flexCol--productSpecificationName-ficha-tecnica ml0 mr0 pl0 pr0 flex flex-column h-100 w-100\">\n<ul>\n<li class=\"vtex-flex-layout-0-x-flexColChild vtex-flex-layout-0-x-flexColChild--productSpecificationName-ficha-tecnica pb0\"><span class=\"vtex-product-specifications-1-x-specificationName\" data-specification-group=\"Ficha T\u00e9cnica\" data-specification-name=\"Efectos\">Efectos: <\/span>Super Overdrive<\/li>\n<\/ul>\n<\/div>\n<\/div>\n<\/div>\n<\/div>\n<div class=\"vtex-flex-layout-0-x-flexRow vtex-flex-layout-0-x-flexRow--productSpecification\">\n<div class=\"flex mt0 mb0 pt0 pb0 justify-start vtex-flex-layout-0-x-flexRowContent vtex-flex-layout-0-x-flexRowContent--productSpecification items-stretch w-100\">\n<div class=\"pr7 items-stretch vtex-flex-layout-0-x-stretchChildrenWidth flex\">\n<div class=\"vtex-flex-layout-0-x-flexCol vtex-flex-layout-0-x-flexCol--productSpecificationName-ficha-tecnica ml0 mr0 pl0 pr0 flex flex-column h-100 w-100\">\n<ul>\n<li class=\"vtex-flex-layout-0-x-flexColChild vtex-flex-layout-0-x-flexColChild--productSpecificationName-ficha-tecnica pb0\"><span class=\"vtex-product-specifications-1-x-specificationName\" data-specification-group=\"Ficha T\u00e9cnica\" data-specification-name=\"Entradas\">Entradas: <\/span>Jack 1\/4 pulgada<\/li>\n<\/ul>\n<\/div>\n<\/div>\n<\/div>\n<\/div>\n<div class=\"vtex-flex-layout-0-x-flexRow vtex-flex-layout-0-x-flexRow--productSpecification\">\n<div class=\"flex mt0 mb0 pt0 pb0 justify-start vtex-flex-layout-0-x-flexRowContent vtex-flex-layout-0-x-flexRowContent--productSpecification items-stretch w-100\">\n<div class=\"pr7 items-stretch vtex-flex-layout-0-x-stretchChildrenWidth flex\">\n<div class=\"vtex-flex-layout-0-x-flexCol vtex-flex-layout-0-x-flexCol--productSpecificationName-ficha-tecnica ml0 mr0 pl0 pr0 flex flex-column h-100 w-100\">\n<ul>\n<li class=\"vtex-flex-layout-0-x-flexColChild vtex-flex-layout-0-x-flexColChild--productSpecificationName-ficha-tecnica pb0\"><span class=\"vtex-product-specifications-1-x-specificationName\" data-specification-group=\"Ficha T\u00e9cnica\" data-specification-name=\"Salidas\">Salidas: <\/span>Jack 1\/4 pulgada<\/li>\n<\/ul>\n<p>&nbsp;<\/p>\n<\/div>\n<\/div>\n<\/div>\n<\/div>\n<\/div>\n<p><iframe loading=\"lazy\" title=\"BOSS SD-1 SUPER OverDrive - INTRO\" src=\"https:\/\/www.youtube.com\/embed\/tSCkcsyh-MY\" width=\"1280\" height=\"720\" frameborder=\"0\" allowfullscreen=\"allowfullscreen\"><\/iframe><\/p>","protected":false},"excerpt":{"rendered":"<p>El\u00a0BOSS SD-1\u00a0utiliza la circuiter\u00eda asim\u00e9trica de sobrecarga de BOSS para obtener sonidos c\u00e1lidos y suaves de saturaci\u00f3n que responden a tu estilo de interpretaci\u00f3n y manera de ejecutar la guitarra, tal como lo har\u00eda un amplificador de tubos. Incluye un control de Tono para llamar al efecto justamente en el sonido correcto. Este es uno [&hellip;]<\/p>\n","protected":false},"featured_media":1786,"template":"","meta":{"_et_pb_use_builder":"","_et_pb_old_content":"","_et_gb_content_width":""},"product_brand":[104],"product_cat":[128,103],"product_tag":[],"class_list":{"0":"post-1741","1":"product","2":"type-product","3":"status-publish","4":"has-post-thumbnail","6":"product_brand-boss","7":"product_cat-pedales","8":"product_cat-usados","10":"first","11":"outofstock","12":"sale","13":"taxable","14":"shipping-taxable","15":"purchasable","16":"product-type-simple"},"_links":{"self":[{"href":"https:\/\/www.protectgear.cl\/en\/wp-json\/wp\/v2\/product\/1741","targetHints":{"allow":["GET"]}}],"collection":[{"href":"https:\/\/www.protectgear.cl\/en\/wp-json\/wp\/v2\/product"}],"about":[{"href":"https:\/\/www.protectgear.cl\/en\/wp-json\/wp\/v2\/types\/product"}],"wp:featuredmedia":[{"embeddable":true,"href":"https:\/\/www.protectgear.cl\/en\/wp-json\/wp\/v2\/media\/1786"}],"wp:attachment":[{"href":"https:\/\/www.protectgear.cl\/en\/wp-json\/wp\/v2\/media?parent=1741"}],"wp:term":[{"taxonomy":"product_brand","embeddable":true,"href":"https:\/\/www.protectgear.cl\/en\/wp-json\/wp\/v2\/product_brand?post=1741"},{"taxonomy":"product_cat","embeddable":true,"href":"https:\/\/www.protectgear.cl\/en\/wp-json\/wp\/v2\/product_cat?post=1741"},{"taxonomy":"product_tag","embeddable":true,"href":"https:\/\/www.protectgear.cl\/en\/wp-json\/wp\/v2\/product_tag?post=1741"}],"curies":[{"name":"wp","href":"https:\/\/api.w.org\/{rel}","templated":true}]}}