{"id":1739,"date":"2025-02-06T17:45:43","date_gmt":"2025-02-06T17:45:43","guid":{"rendered":"https:\/\/www.protectgear.cl\/?post_type=product&#038;p=1739"},"modified":"2025-02-28T15:18:08","modified_gmt":"2025-02-28T15:18:08","slug":"usado-behringer-ultra-metal-um300","status":"publish","type":"product","link":"https:\/\/www.protectgear.cl\/en\/product\/usado-behringer-ultra-metal-um300\/","title":{"rendered":"USADO | Behringer Ultra Metal UM300"},"content":{"rendered":"<ul>\n<li>Pedal de efectos de distorsi\u00f3n de rock y heavy metal<\/li>\n<li>Circuitos de ganancia m\u00faltiple<\/li>\n<li>Controles de Distorsi\u00f3n, EQ de 3 V\u00edas y Nivel<\/li>\n<li>Indicador LED de encendido\/apagado y bater\u00eda<\/li>\n<li>Funciona con una bater\u00eda de 9 V o el adaptador de corriente PSU-SB (no incluido)<\/li>\n<li>Interruptor de encendido\/apagado de primera clase para preservar la integridad de la se\u00f1al en modo bypass<\/li>\n<li>Dise\u00f1ado en Alemania<\/li>\n<\/ul>\n<p>&nbsp;<\/p>\n<blockquote><p><strong>\u00a0Especificaciones<\/strong><\/p><\/blockquote>\n<ul>\n<li>Controles<\/li>\n<li>Distorsi\u00f3n<\/li>\n<li>High EQ<\/li>\n<li>Low EQ<\/li>\n<li>Lid EQ y Frecuencia<\/li>\n<li>Level<\/li>\n<li>Entrada:\u00a01\/4 &#8221; TS<\/li>\n<li>Impedancia de entrada:\u00a0500 kOhm<\/li>\n<li>Salida:\u00a01\/4 &#8221; TS<\/li>\n<li>Impedancia de salida:\u00a01 kOhm<\/li>\n<li>Fuente de alimentaci\u00f3n:PSU-SB 9VDC o pila 9V<\/li>\n<\/ul>","protected":false},"excerpt":{"rendered":"<p>Pedal de efectos de distorsi\u00f3n de rock y heavy metal Circuitos de ganancia m\u00faltiple Controles de Distorsi\u00f3n, EQ de 3 V\u00edas y Nivel Indicador LED de encendido\/apagado y bater\u00eda Funciona con una bater\u00eda de 9 V o el adaptador de corriente PSU-SB (no incluido) Interruptor de encendido\/apagado de primera clase para preservar la integridad de [&hellip;]<\/p>\n","protected":false},"featured_media":1780,"template":"","meta":{"_et_pb_use_builder":"","_et_pb_old_content":"","_et_gb_content_width":""},"product_brand":[105],"product_cat":[128,103],"product_tag":[],"class_list":{"0":"post-1739","1":"product","2":"type-product","3":"status-publish","4":"has-post-thumbnail","6":"product_brand-behringer","7":"product_cat-pedales","8":"product_cat-usados","10":"first","11":"instock","12":"sale","13":"taxable","14":"shipping-taxable","15":"purchasable","16":"product-type-simple"},"_links":{"self":[{"href":"https:\/\/www.protectgear.cl\/en\/wp-json\/wp\/v2\/product\/1739","targetHints":{"allow":["GET"]}}],"collection":[{"href":"https:\/\/www.protectgear.cl\/en\/wp-json\/wp\/v2\/product"}],"about":[{"href":"https:\/\/www.protectgear.cl\/en\/wp-json\/wp\/v2\/types\/product"}],"wp:featuredmedia":[{"embeddable":true,"href":"https:\/\/www.protectgear.cl\/en\/wp-json\/wp\/v2\/media\/1780"}],"wp:attachment":[{"href":"https:\/\/www.protectgear.cl\/en\/wp-json\/wp\/v2\/media?parent=1739"}],"wp:term":[{"taxonomy":"product_brand","embeddable":true,"href":"https:\/\/www.protectgear.cl\/en\/wp-json\/wp\/v2\/product_brand?post=1739"},{"taxonomy":"product_cat","embeddable":true,"href":"https:\/\/www.protectgear.cl\/en\/wp-json\/wp\/v2\/product_cat?post=1739"},{"taxonomy":"product_tag","embeddable":true,"href":"https:\/\/www.protectgear.cl\/en\/wp-json\/wp\/v2\/product_tag?post=1739"}],"curies":[{"name":"wp","href":"https:\/\/api.w.org\/{rel}","templated":true}]}}