{"id":1737,"date":"2025-02-06T18:09:12","date_gmt":"2025-02-06T18:09:12","guid":{"rendered":"https:\/\/www.protectgear.cl\/?post_type=product&#038;p=1737"},"modified":"2025-02-28T15:17:42","modified_gmt":"2025-02-28T15:17:42","slug":"usado-pedal-boss-mt-2-metal-zone","status":"publish","type":"product","link":"https:\/\/www.protectgear.cl\/en\/product\/usado-pedal-boss-mt-2-metal-zone\/","title":{"rendered":"USADO | Pedal Boss MT-2 &#8211; Metal Zone"},"content":{"rendered":"<p>El pedal compacto\u00a0<strong>MT-2<\/strong>\u00a0(Metal Zone) de\u00a0<strong>BOSS<\/strong>\u00a0presenta circuiter\u00eda de ganancia dual para lograr sonidos apretados con distorsi\u00f3n de amplificaci\u00f3n de tubos y gabinetes 4&#215;12.<\/p>\n<p>Con extensi\u00f3n en frecuencias medias y graves, as\u00ed como sostenimiento prolongado, este efecto se ha vuelto el m\u00e1s buscado y solicitado tanto por los m\u00fasicos como por el p\u00fablico en general que busca este sonido t\u00edpico de distorsi\u00f3n, que antes solo era alcanzable por unos cuantos privilegiados.<\/p>\n<p>El ecualizador integrado de tres bandas con medios semiparam\u00e9tricos lleva tu sonido al extremo.<\/p>\n<div class=\"vtex-flex-layout-0-x-flexColChild pb0\">\n<div class=\"vtex-flex-layout-0-x-flexRow vtex-flex-layout-0-x-flexRow--productSpecificationGroupName-ficha-tecnica\">\n<div class=\"flex mt0 mb0 pt0 pb0 justify-start vtex-flex-layout-0-x-flexRowContent vtex-flex-layout-0-x-flexRowContent--productSpecificationGroupName-ficha-tecnica items-stretch w-100\">\n<div><\/div>\n<blockquote>\n<div class=\"pr0 items-stretch vtex-flex-layout-0-x-stretchChildrenWidth flex\"><strong>FICHA T\u00c9CNICA<\/strong><\/div>\n<\/blockquote>\n<\/div>\n<\/div>\n<\/div>\n<div class=\"vtex-flex-layout-0-x-flexColChild pb0\">\n<div class=\"vtex-flex-layout-0-x-flexRow vtex-flex-layout-0-x-flexRow--productSpecification\">\n<div class=\"flex mt0 mb0 pt0 pb0 justify-start vtex-flex-layout-0-x-flexRowContent vtex-flex-layout-0-x-flexRowContent--productSpecification items-stretch w-100\">\n<div class=\"pr7 items-stretch vtex-flex-layout-0-x-stretchChildrenWidth flex\">\n<div class=\"vtex-flex-layout-0-x-flexCol vtex-flex-layout-0-x-flexCol--productSpecificationName-ficha-tecnica ml0 mr0 pl0 pr0 flex flex-column h-100 w-100\">\n<ul>\n<li class=\"vtex-flex-layout-0-x-flexColChild vtex-flex-layout-0-x-flexColChild--productSpecificationName-ficha-tecnica pb0\"><span class=\"vtex-product-specifications-1-x-specificationName\" data-specification-group=\"Ficha T\u00e9cnica\" data-specification-name=\"Marca\">Marca: <\/span>Boss<\/li>\n<\/ul>\n<\/div>\n<\/div>\n<\/div>\n<\/div>\n<div class=\"vtex-flex-layout-0-x-flexRow vtex-flex-layout-0-x-flexRow--productSpecification\">\n<div class=\"flex mt0 mb0 pt0 pb0 justify-start vtex-flex-layout-0-x-flexRowContent vtex-flex-layout-0-x-flexRowContent--productSpecification items-stretch w-100\">\n<div class=\"pr7 items-stretch vtex-flex-layout-0-x-stretchChildrenWidth flex\">\n<div class=\"vtex-flex-layout-0-x-flexCol vtex-flex-layout-0-x-flexCol--productSpecificationName-ficha-tecnica ml0 mr0 pl0 pr0 flex flex-column h-100 w-100\">\n<ul>\n<li class=\"vtex-flex-layout-0-x-flexColChild vtex-flex-layout-0-x-flexColChild--productSpecificationName-ficha-tecnica pb0\"><span class=\"vtex-product-specifications-1-x-specificationName\" data-specification-group=\"Ficha T\u00e9cnica\" data-specification-name=\"Controles\">Controles: <\/span>Level, EQ, Dist<\/li>\n<\/ul>\n<\/div>\n<\/div>\n<\/div>\n<\/div>\n<div class=\"vtex-flex-layout-0-x-flexRow vtex-flex-layout-0-x-flexRow--productSpecification\">\n<div class=\"flex mt0 mb0 pt0 pb0 justify-start vtex-flex-layout-0-x-flexRowContent vtex-flex-layout-0-x-flexRowContent--productSpecification items-stretch w-100\">\n<div class=\"pr7 items-stretch vtex-flex-layout-0-x-stretchChildrenWidth flex\">\n<div class=\"vtex-flex-layout-0-x-flexCol vtex-flex-layout-0-x-flexCol--productSpecificationName-ficha-tecnica ml0 mr0 pl0 pr0 flex flex-column h-100 w-100\">\n<ul>\n<li class=\"vtex-flex-layout-0-x-flexColChild vtex-flex-layout-0-x-flexColChild--productSpecificationName-ficha-tecnica pb0\"><span class=\"vtex-product-specifications-1-x-specificationName\" data-specification-group=\"Ficha T\u00e9cnica\" data-specification-name=\"Efectos\">Efectos: <\/span>Distorsi\u00f3n<\/li>\n<\/ul>\n<\/div>\n<\/div>\n<\/div>\n<\/div>\n<div class=\"vtex-flex-layout-0-x-flexRow vtex-flex-layout-0-x-flexRow--productSpecification\">\n<div class=\"flex mt0 mb0 pt0 pb0 justify-start vtex-flex-layout-0-x-flexRowContent vtex-flex-layout-0-x-flexRowContent--productSpecification items-stretch w-100\">\n<div class=\"pr7 items-stretch vtex-flex-layout-0-x-stretchChildrenWidth flex\">\n<div class=\"vtex-flex-layout-0-x-flexCol vtex-flex-layout-0-x-flexCol--productSpecificationName-ficha-tecnica ml0 mr0 pl0 pr0 flex flex-column h-100 w-100\">\n<ul>\n<li class=\"vtex-flex-layout-0-x-flexColChild vtex-flex-layout-0-x-flexColChild--productSpecificationName-ficha-tecnica pb0\"><span class=\"vtex-product-specifications-1-x-specificationName\" data-specification-group=\"Ficha T\u00e9cnica\" data-specification-name=\"Entradas\">Entradas: <\/span>Jack 1\/4 pulgada<\/li>\n<\/ul>\n<\/div>\n<\/div>\n<\/div>\n<\/div>\n<div class=\"vtex-flex-layout-0-x-flexRow vtex-flex-layout-0-x-flexRow--productSpecification\">\n<div class=\"flex mt0 mb0 pt0 pb0 justify-start vtex-flex-layout-0-x-flexRowContent vtex-flex-layout-0-x-flexRowContent--productSpecification items-stretch w-100\">\n<div class=\"pr7 items-stretch vtex-flex-layout-0-x-stretchChildrenWidth flex\">\n<div class=\"vtex-flex-layout-0-x-flexCol vtex-flex-layout-0-x-flexCol--productSpecificationName-ficha-tecnica ml0 mr0 pl0 pr0 flex flex-column h-100 w-100\">\n<ul>\n<li class=\"vtex-flex-layout-0-x-flexColChild vtex-flex-layout-0-x-flexColChild--productSpecificationName-ficha-tecnica pb0\"><span class=\"vtex-product-specifications-1-x-specificationName\" data-specification-group=\"Ficha T\u00e9cnica\" data-specification-name=\"Salidas\">Salidas: <\/span>Jack 1\/4 pulgada<\/li>\n<\/ul>\n<\/div>\n<\/div>\n<\/div>\n<\/div>\n<div class=\"vtex-flex-layout-0-x-flexRow vtex-flex-layout-0-x-flexRow--productSpecification\">\n<div class=\"flex mt0 mb0 pt0 pb0 justify-start vtex-flex-layout-0-x-flexRowContent vtex-flex-layout-0-x-flexRowContent--productSpecification items-stretch w-100\">\n<div class=\"pr7 items-stretch vtex-flex-layout-0-x-stretchChildrenWidth flex\">\n<div class=\"vtex-flex-layout-0-x-flexCol vtex-flex-layout-0-x-flexCol--productSpecificationName-ficha-tecnica ml0 mr0 pl0 pr0 flex flex-column h-100 w-100\"><\/div>\n<\/div>\n<div class=\"pr0 items-stretch vtex-flex-layout-0-x-stretchChildrenWidth flex\">\n<div class=\"vtex-flex-layout-0-x-flexCol vtex-flex-layout-0-x-flexCol--productSpecificationValue ml0 mr0 pl0 pr0 flex flex-column h-100 w-100\">\n<div class=\"vtex-flex-layout-0-x-flexColChild vtex-flex-layout-0-x-flexColChild--productSpecificationValue pb0\"><\/div>\n<\/div>\n<\/div>\n<\/div>\n<\/div>\n<\/div>\n<p><iframe loading=\"lazy\" title=\"BOSS MT-2 Metal Zone - INTRO\" src=\"https:\/\/www.youtube.com\/embed\/6BSzRzLK5Oc\" width=\"1280\" height=\"720\" frameborder=\"0\" allowfullscreen=\"allowfullscreen\"><\/iframe><\/p>","protected":false},"excerpt":{"rendered":"<p>El pedal compacto\u00a0MT-2\u00a0(Metal Zone) de\u00a0BOSS\u00a0presenta circuiter\u00eda de ganancia dual para lograr sonidos apretados con distorsi\u00f3n de amplificaci\u00f3n de tubos y gabinetes 4&#215;12. Con extensi\u00f3n en frecuencias medias y graves, as\u00ed como sostenimiento prolongado, este efecto se ha vuelto el m\u00e1s buscado y solicitado tanto por los m\u00fasicos como por el p\u00fablico en general que busca [&hellip;]<\/p>\n","protected":false},"featured_media":1805,"template":"","meta":{"_et_pb_use_builder":"","_et_pb_old_content":"","_et_gb_content_width":""},"product_brand":[104],"product_cat":[128,103],"product_tag":[],"class_list":{"0":"post-1737","1":"product","2":"type-product","3":"status-publish","4":"has-post-thumbnail","6":"product_brand-boss","7":"product_cat-pedales","8":"product_cat-usados","10":"first","11":"instock","12":"sale","13":"taxable","14":"shipping-taxable","15":"purchasable","16":"product-type-simple"},"_links":{"self":[{"href":"https:\/\/www.protectgear.cl\/en\/wp-json\/wp\/v2\/product\/1737","targetHints":{"allow":["GET"]}}],"collection":[{"href":"https:\/\/www.protectgear.cl\/en\/wp-json\/wp\/v2\/product"}],"about":[{"href":"https:\/\/www.protectgear.cl\/en\/wp-json\/wp\/v2\/types\/product"}],"wp:featuredmedia":[{"embeddable":true,"href":"https:\/\/www.protectgear.cl\/en\/wp-json\/wp\/v2\/media\/1805"}],"wp:attachment":[{"href":"https:\/\/www.protectgear.cl\/en\/wp-json\/wp\/v2\/media?parent=1737"}],"wp:term":[{"taxonomy":"product_brand","embeddable":true,"href":"https:\/\/www.protectgear.cl\/en\/wp-json\/wp\/v2\/product_brand?post=1737"},{"taxonomy":"product_cat","embeddable":true,"href":"https:\/\/www.protectgear.cl\/en\/wp-json\/wp\/v2\/product_cat?post=1737"},{"taxonomy":"product_tag","embeddable":true,"href":"https:\/\/www.protectgear.cl\/en\/wp-json\/wp\/v2\/product_tag?post=1737"}],"curies":[{"name":"wp","href":"https:\/\/api.w.org\/{rel}","templated":true}]}}