{"id":1471,"date":"2024-01-31T17:40:41","date_gmt":"2024-01-31T17:40:41","guid":{"rendered":"https:\/\/www.protectgear.cl\/?post_type=product&#038;p=1471"},"modified":"2024-01-31T17:51:50","modified_gmt":"2024-01-31T17:51:50","slug":"base-acrilica-mc404-cae-wah","status":"publish","type":"product","link":"https:\/\/www.protectgear.cl\/en\/product\/base-acrilica-mc404-cae-wah\/","title":{"rendered":"Base Acr\u00edlica MC404 CAE WAH"},"content":{"rendered":"<p>Esta pieza est\u00e1 desarrollada para lograr una base lisa sin relieves de tornillos, permitiendo contacto absoluto en el velcro con el cual instalar\u00e1s tu pedal a su respectivo pedalboard.<\/p>\n<p>&nbsp;<\/p>\n<ul>\n<li>Acr\u00edlico transparente 5mm<\/li>\n<li>Grabado L\u00e1ser<\/li>\n<li><strong>Valor incluye el env\u00edo.<\/strong><\/li>\n<\/ul>","protected":false},"excerpt":{"rendered":"<p>Esta pieza est\u00e1 desarrollada para lograr una base lisa sin relieves de tornillos, permitiendo contacto absoluto en el velcro con el cual instalar\u00e1s tu pedal a su respectivo pedalboard. &nbsp; Acr\u00edlico transparente 5mm Grabado L\u00e1ser Valor incluye el env\u00edo.<\/p>","protected":false},"featured_media":1472,"template":"","meta":{"_et_pb_use_builder":"","_et_pb_old_content":"","_et_gb_content_width":""},"product_brand":[],"product_cat":[15],"product_tag":[],"class_list":{"0":"post-1471","1":"product","2":"type-product","3":"status-publish","4":"has-post-thumbnail","6":"product_cat-otros-productos","8":"first","9":"instock","10":"taxable","11":"shipping-taxable","12":"purchasable","13":"product-type-simple"},"_links":{"self":[{"href":"https:\/\/www.protectgear.cl\/en\/wp-json\/wp\/v2\/product\/1471","targetHints":{"allow":["GET"]}}],"collection":[{"href":"https:\/\/www.protectgear.cl\/en\/wp-json\/wp\/v2\/product"}],"about":[{"href":"https:\/\/www.protectgear.cl\/en\/wp-json\/wp\/v2\/types\/product"}],"wp:featuredmedia":[{"embeddable":true,"href":"https:\/\/www.protectgear.cl\/en\/wp-json\/wp\/v2\/media\/1472"}],"wp:attachment":[{"href":"https:\/\/www.protectgear.cl\/en\/wp-json\/wp\/v2\/media?parent=1471"}],"wp:term":[{"taxonomy":"product_brand","embeddable":true,"href":"https:\/\/www.protectgear.cl\/en\/wp-json\/wp\/v2\/product_brand?post=1471"},{"taxonomy":"product_cat","embeddable":true,"href":"https:\/\/www.protectgear.cl\/en\/wp-json\/wp\/v2\/product_cat?post=1471"},{"taxonomy":"product_tag","embeddable":true,"href":"https:\/\/www.protectgear.cl\/en\/wp-json\/wp\/v2\/product_tag?post=1471"}],"curies":[{"name":"wp","href":"https:\/\/api.w.org\/{rel}","templated":true}]}}