{"id":1291,"date":"2023-09-08T13:55:59","date_gmt":"2023-09-08T13:55:59","guid":{"rendered":"https:\/\/www.protectgear.cl\/?post_type=product&#038;p=1291"},"modified":"2023-09-08T14:06:28","modified_gmt":"2023-09-08T14:06:28","slug":"kit-grabado-patente-para-dremel","status":"publish","type":"product","link":"https:\/\/www.protectgear.cl\/en\/product\/kit-grabado-patente-para-dremel\/","title":{"rendered":"KIT Grabado Patente para Dremel"},"content":{"rendered":"<ul>\n<li>Incluye Matriz y Rollo de Adhesivo (9,5&#215;122 cm)<\/li>\n<\/ul>\n<p><strong>LEY:<\/strong><\/p>\n<ul>\n<li><strong>Ser\u00e1 obligaci\u00f3n grabar las patentes de todo tipo de veh\u00edculo, y debe circular con \u00e9stas, tanto en espejos como en ventanas.\u00a0Se establecen sanciones para conductores, propietarios y comerciantes que incumplan con esta obligaci\u00f3n.<\/strong><\/li>\n<li><strong>Los veh\u00edculos que est\u00e1n actualmente en circulaci\u00f3n tendr\u00e1n un a\u00f1o a contar desde el Lunes 4 de Septiembre para cumplir con la ordenanza, mientras que los veh\u00edculos nuevos que sean comercializados desde ahora en adelante deben salir del concesionario con la patente ya marcada.<\/strong><\/li>\n<\/ul>\n<p><strong>Legal:<\/strong> Nos limitamos de toda responsabilidad legal en su aplicaci\u00f3n posterior y uso. Sin a la fecha 8 de septiembre 2023, tener normas vigentes que regulen tama\u00f1os o tipos de fuentes aplicadas a la ley.<\/p>","protected":false},"excerpt":{"rendered":"<p>Incluye Matriz y Rollo de Adhesivo (9,5&#215;122 cm) LEY: Ser\u00e1 obligaci\u00f3n grabar las patentes de todo tipo de veh\u00edculo, y debe circular con \u00e9stas, tanto en espejos como en ventanas.\u00a0Se establecen sanciones para conductores, propietarios y comerciantes que incumplan con esta obligaci\u00f3n. Los veh\u00edculos que est\u00e1n actualmente en circulaci\u00f3n tendr\u00e1n un a\u00f1o a contar desde [&hellip;]<\/p>\n","protected":false},"featured_media":1290,"template":"","meta":{"_et_pb_use_builder":"","_et_pb_old_content":"","_et_gb_content_width":""},"product_brand":[],"product_cat":[15],"product_tag":[],"class_list":{"0":"post-1291","1":"product","2":"type-product","3":"status-publish","4":"has-post-thumbnail","6":"product_cat-otros-productos","8":"first","9":"instock","10":"taxable","11":"shipping-taxable","12":"purchasable","13":"product-type-simple"},"_links":{"self":[{"href":"https:\/\/www.protectgear.cl\/en\/wp-json\/wp\/v2\/product\/1291","targetHints":{"allow":["GET"]}}],"collection":[{"href":"https:\/\/www.protectgear.cl\/en\/wp-json\/wp\/v2\/product"}],"about":[{"href":"https:\/\/www.protectgear.cl\/en\/wp-json\/wp\/v2\/types\/product"}],"wp:featuredmedia":[{"embeddable":true,"href":"https:\/\/www.protectgear.cl\/en\/wp-json\/wp\/v2\/media\/1290"}],"wp:attachment":[{"href":"https:\/\/www.protectgear.cl\/en\/wp-json\/wp\/v2\/media?parent=1291"}],"wp:term":[{"taxonomy":"product_brand","embeddable":true,"href":"https:\/\/www.protectgear.cl\/en\/wp-json\/wp\/v2\/product_brand?post=1291"},{"taxonomy":"product_cat","embeddable":true,"href":"https:\/\/www.protectgear.cl\/en\/wp-json\/wp\/v2\/product_cat?post=1291"},{"taxonomy":"product_tag","embeddable":true,"href":"https:\/\/www.protectgear.cl\/en\/wp-json\/wp\/v2\/product_tag?post=1291"}],"curies":[{"name":"wp","href":"https:\/\/api.w.org\/{rel}","templated":true}]}}