{"id":455,"date":"2023-04-11T19:08:02","date_gmt":"2023-04-11T19:08:02","guid":{"rendered":"https:\/\/www.protectgear.cl\/?page_id=455"},"modified":"2023-06-27T18:25:05","modified_gmt":"2023-06-27T18:25:05","slug":"music-tools","status":"publish","type":"page","link":"https:\/\/www.protectgear.cl\/en\/music-tools\/","title":{"rendered":"Music Tools"},"content":{"rendered":"<p>[et_pb_section fb_built=&#8221;1&#8243; use_custom_gutter=&#8221;on&#8221; gutter_width=&#8221;2&#8243; specialty=&#8221;on&#8221; _builder_version=&#8221;4.21.0&#8243; _module_preset=&#8221;default&#8221; background_color=&#8221;#000000&#8243; inner_max_width=&#8221;80%&#8221; custom_padding=&#8221;||65px|||&#8221; global_colors_info=&#8221;{}&#8221;][et_pb_column type=&#8221;2_3&#8243; specialty_columns=&#8221;2&#8243; _builder_version=&#8221;4.16&#8243; custom_padding=&#8221;|||&#8221; global_colors_info=&#8221;{}&#8221; custom_padding__hover=&#8221;|||&#8221;][et_pb_row_inner column_structure=&#8221;1_2,1_2&#8243; _builder_version=&#8221;4.21.0&#8243; _module_preset=&#8221;default&#8221; background_color=&#8221;#FFFFFF&#8221; custom_padding=&#8221;|20px||20px|false|false&#8221; border_radii=&#8221;on|10px|10px|10px|10px&#8221; global_colors_info=&#8221;{}&#8221;][et_pb_column_inner type=&#8221;1_2&#8243; saved_specialty_column_type=&#8221;2_3&#8243; _builder_version=&#8221;4.21.0&#8243; _module_preset=&#8221;default&#8221; global_colors_info=&#8221;{}&#8221;][et_pb_text _builder_version=&#8221;4.21.0&#8243; _module_preset=&#8221;default&#8221; header_2_font=&#8221;Orbitron||||||||&#8221; header_2_letter_spacing=&#8221;1px&#8221; custom_margin=&#8221;||17px|||&#8221; global_colors_info=&#8221;{}&#8221;]<\/p>\n<h2><strong>C\u00f3mo usar tu C\u00edrculo de Quintas<\/strong><\/h2>\n<p>[\/et_pb_text][et_pb_text _builder_version=&#8221;4.21.0&#8243; _module_preset=&#8221;default&#8221; global_colors_info=&#8221;{}&#8221;]<\/p>\n<p style=\"text-align: justify;\"><span>En internet existe muchas informaci\u00f3n respecto a que trata el circulo de quinta con m\u00faltiples explicaciones te\u00f3ricas magistrales sobre esto, pero muchas veces los ejemplos que se dan no est\u00e1n a la altura de la explicaci\u00f3n que se dio, considero que es importante dominar los conceptos como tambi\u00e9n su aplicaci\u00f3n, es por aquello que elabor\u00e9 esta peque\u00f1a capsula en donde dise\u00f1e una ejercicio muy practico para guitarristas que est\u00e9n interesados en conocer de mejor forma el m\u00e1stil de la guitarra, con un enfoque mucho mas cl\u00ednico el cual despu\u00e9s de muchos a\u00f1os de experiencia e investigaci\u00f3n me he dado cuenta que dentro de la ense\u00f1anza se ignora y no se explica con los t\u00e9rminos adecuados, por otra parte, la organizaci\u00f3n inteligente del m\u00e1stil te permitir\u00e1 obtener un orden en donde podr\u00e1s visualizar los arpegios, acordes o escalas de forma mucho mas clara. Agregando a lo anterior, si te gusta estudiar, componer, grabar, realizar arreglos, crear solos etc. esto ser\u00e1 una herramienta muy \u00fatil si logras dominar la aplicaci\u00f3n de estos conceptos.<\/span><\/p>\n<p>[\/et_pb_text][\/et_pb_column_inner][et_pb_column_inner type=&#8221;1_2&#8243; saved_specialty_column_type=&#8221;2_3&#8243; _builder_version=&#8221;4.21.0&#8243; _module_preset=&#8221;default&#8221; global_colors_info=&#8221;{}&#8221;][et_pb_code _builder_version=&#8221;4.21.0&#8243; _module_preset=&#8221;default&#8221; custom_padding=&#8221;0px|||||&#8221; global_colors_info=&#8221;{}&#8221; custom_margin=&#8221;||12px|||&#8221;]<iframe loading=\"lazy\" width=\"560\" height=\"315\" src=\"https:\/\/www.youtube.com\/embed\/cLrDLD6c-Zc\" title=\"YouTube video player\" frameborder=\"0\" allow=\"accelerometer; autoplay; clipboard-write; encrypted-media; gyroscope; picture-in-picture; web-share\" allowfullscreen><\/iframe>[\/et_pb_code][et_pb_text _builder_version=&#8221;4.21.0&#8243; _module_preset=&#8221;default&#8221; custom_margin=&#8221;||-6px|||&#8221; custom_padding=&#8221;||0px|||&#8221; global_colors_info=&#8221;{}&#8221; theme_builder_area=&#8221;post_content&#8221;]<\/p>\n<p style=\"text-align: justify;\">Nuestro Querido Endorser y amigo <em>Gary Pe\u00f1a<\/em>, Nos entrega este incre\u00edble ejercicio para comenzar a recorrer y a conocer tu c\u00edrculo de Quintas Protectgear, ubicado en la contra tapa de tu Packaging al adquirir tu protector acr\u00edlico.<\/p>\n<p style=\"text-align: justify;\">[\/et_pb_text][et_pb_button button_url=&#8221;https:\/\/drive.google.com\/file\/d\/1fqlXIDrT0uLfCbOa1H8yo7y11eTcLh5c\/view&#8221; url_new_window=&#8221;on&#8221; button_text=&#8221;Descargar Ejercicio Aqu\u00ed&#8221; button_alignment=&#8221;center&#8221; _builder_version=&#8221;4.21.0&#8243; _module_preset=&#8221;default&#8221; custom_button=&#8221;on&#8221; button_text_color=&#8221;#FFFFFF&#8221; button_bg_color=&#8221;#BE0C13&#8243; button_border_width=&#8221;0px&#8221; button_font=&#8221;Orbitron||||||||&#8221; button_icon=&#8221;&#xe092;||divi||400&#8243; button_icon_placement=&#8221;left&#8221; button_on_hover=&#8221;off&#8221; transform_skew=&#8221;-10deg|0deg&#8221; transform_skew_linked=&#8221;off&#8221; transform_skew_linked__hover=&#8221;off&#8221; custom_margin=&#8221;0px||||false|false&#8221; animation_style=&#8221;fade&#8221; button_text_size_tablet=&#8221;&#8221; button_text_size_phone=&#8221;16px&#8221; button_text_size_last_edited=&#8221;on|tablet&#8221; global_colors_info=&#8221;{}&#8221; transform_styles__hover_enabled=&#8221;on|hover&#8221; transform_scale__hover_enabled=&#8221;on|desktop&#8221; transform_translate__hover_enabled=&#8221;on|desktop&#8221; transform_rotate__hover_enabled=&#8221;on|desktop&#8221; transform_skew__hover_enabled=&#8221;on|hover&#8221; transform_origin__hover_enabled=&#8221;on|desktop&#8221; transform_scale__hover=&#8221;105%|105%&#8221; transform_skew__hover=&#8221;-10deg|0deg&#8221;][\/et_pb_button][et_pb_button button_url=&#8221;https:\/\/www.protectgear.cl\/music-masters\/&#8221; button_text=&#8221;Tomar Clases&#8221; button_alignment=&#8221;center&#8221; _builder_version=&#8221;4.21.0&#8243; _module_preset=&#8221;default&#8221; custom_button=&#8221;on&#8221; button_text_color=&#8221;#FFFFFF&#8221; button_bg_color=&#8221;#000000&#8243; button_border_width=&#8221;0px&#8221; button_font=&#8221;Orbitron||||||||&#8221; button_icon=&#8221;&#xe092;||divi||400&#8243; button_icon_placement=&#8221;left&#8221; button_on_hover=&#8221;off&#8221; transform_skew=&#8221;-10deg|0deg&#8221; transform_skew_linked=&#8221;off&#8221; transform_skew_linked__hover=&#8221;off&#8221; custom_margin=&#8221;||||false|false&#8221; animation_style=&#8221;fade&#8221; button_text_size_tablet=&#8221;&#8221; button_text_size_phone=&#8221;16px&#8221; button_text_size_last_edited=&#8221;on|tablet&#8221; global_colors_info=&#8221;{}&#8221; transform_styles__hover_enabled=&#8221;on|hover&#8221; transform_scale__hover_enabled=&#8221;on|desktop&#8221; transform_translate__hover_enabled=&#8221;on|desktop&#8221; transform_rotate__hover_enabled=&#8221;on|desktop&#8221; transform_skew__hover_enabled=&#8221;on|hover&#8221; transform_origin__hover_enabled=&#8221;on|desktop&#8221; transform_scale__hover=&#8221;105%|105%&#8221; transform_skew__hover=&#8221;-10deg|0deg&#8221;][\/et_pb_button][\/et_pb_column_inner][\/et_pb_row_inner][\/et_pb_column][et_pb_column type=&#8221;1_3&#8243; _builder_version=&#8221;4.16&#8243; custom_padding=&#8221;|||&#8221; global_colors_info=&#8221;{}&#8221; custom_padding__hover=&#8221;|||&#8221;][et_pb_text _builder_version=&#8221;4.21.0&#8243; _module_preset=&#8221;default&#8221; header_2_font=&#8221;Orbitron|||on|||||&#8221; header_2_text_align=&#8221;center&#8221; header_2_text_color=&#8221;#000000&#8243; header_2_font_size=&#8221;19px&#8221; background_color=&#8221;#FFFFFF&#8221; custom_margin=&#8221;-45px||||false|false&#8221; custom_padding=&#8221;20px||0px||false|false&#8221; border_radii=&#8221;off|10px|10px||&#8221; global_colors_info=&#8221;{}&#8221;]<\/p>\n<h2><strong>C\u00f3mo Pegar tu l\u00e1mina de hidrogel<\/strong><\/h2>\n<p>[\/et_pb_text][et_pb_code _builder_version=&#8221;4.21.0&#8243; _module_preset=&#8221;default&#8221; background_color=&#8221;#FFFFFF&#8221; custom_margin=&#8221;-25px||||false|false&#8221; custom_padding=&#8221;10px|10px|10px|10px|false|false&#8221; border_radii=&#8221;off|||10px|10px&#8221; border_color_all=&#8221;#FFFFFF&#8221; global_colors_info=&#8221;{}&#8221;]<iframe loading=\"lazy\" width=\"500\" height=\"500\" src=\"https:\/\/www.youtube.com\/embed\/5vxpmeiwaZ4\" title=\"YouTube video player\" frameborder=\"0\" allow=\"accelerometer; autoplay; clipboard-write; encrypted-media; gyroscope; picture-in-picture; web-share\" allowfullscreen><\/iframe>[\/et_pb_code][\/et_pb_column][\/et_pb_section]<\/p>\n","protected":false},"excerpt":{"rendered":"<p>C\u00f3mo usar tu C\u00edrculo de QuintasEn internet existe muchas informaci\u00f3n respecto a que trata el circulo de quinta con m\u00faltiples explicaciones te\u00f3ricas magistrales sobre esto, pero muchas veces los ejemplos que se dan no est\u00e1n a la altura de la explicaci\u00f3n que se dio, considero que es importante dominar los conceptos como tambi\u00e9n su aplicaci\u00f3n, [&hellip;]<\/p>\n","protected":false},"author":1,"featured_media":0,"parent":0,"menu_order":0,"comment_status":"closed","ping_status":"closed","template":"","meta":{"_et_pb_use_builder":"on","_et_pb_old_content":"C\u00edrculo de Quintas\r\n\r\nhttps:\/\/www.musicca.com\/es\/circulo-de-quintas\r\n\r\nhttps:\/\/www.youtube.com\/watch?v=5vxpmeiwaZ4&ab_channel=PatoAgurto","_et_gb_content_width":"","footnotes":""},"class_list":["post-455","page","type-page","status-publish","hentry"],"_links":{"self":[{"href":"https:\/\/www.protectgear.cl\/en\/wp-json\/wp\/v2\/pages\/455","targetHints":{"allow":["GET"]}}],"collection":[{"href":"https:\/\/www.protectgear.cl\/en\/wp-json\/wp\/v2\/pages"}],"about":[{"href":"https:\/\/www.protectgear.cl\/en\/wp-json\/wp\/v2\/types\/page"}],"author":[{"embeddable":true,"href":"https:\/\/www.protectgear.cl\/en\/wp-json\/wp\/v2\/users\/1"}],"replies":[{"embeddable":true,"href":"https:\/\/www.protectgear.cl\/en\/wp-json\/wp\/v2\/comments?post=455"}],"version-history":[{"count":27,"href":"https:\/\/www.protectgear.cl\/en\/wp-json\/wp\/v2\/pages\/455\/revisions"}],"predecessor-version":[{"id":975,"href":"https:\/\/www.protectgear.cl\/en\/wp-json\/wp\/v2\/pages\/455\/revisions\/975"}],"wp:attachment":[{"href":"https:\/\/www.protectgear.cl\/en\/wp-json\/wp\/v2\/media?parent=455"}],"curies":[{"name":"wp","href":"https:\/\/api.w.org\/{rel}","templated":true}]}}