{"id":1823,"date":"2025-02-07T18:07:08","date_gmt":"2025-02-07T18:07:08","guid":{"rendered":"https:\/\/www.protectgear.cl\/?page_id=1823"},"modified":"2025-02-07T18:14:26","modified_gmt":"2025-02-07T18:14:26","slug":"terminos-y-condiciones","status":"publish","type":"page","link":"https:\/\/www.protectgear.cl\/en\/terminos-y-condiciones\/","title":{"rendered":"T\u00e9rminos y Condiciones"},"content":{"rendered":"<p>[et_pb_section fb_built=&#8221;1&#8243; theme_builder_area=&#8221;post_content&#8221; _builder_version=&#8221;4.27.4&#8243; _module_preset=&#8221;default&#8221; background_color=&#8221;#BE0C13&#8243; hover_enabled=&#8221;0&#8243; sticky_enabled=&#8221;0&#8243;][et_pb_row _builder_version=&#8221;4.27.4&#8243; _module_preset=&#8221;default&#8221; theme_builder_area=&#8221;post_content&#8221;][et_pb_column _builder_version=&#8221;4.27.4&#8243; _module_preset=&#8221;default&#8221; type=&#8221;4_4&#8243; theme_builder_area=&#8221;post_content&#8221;][et_pb_text _builder_version=&#8221;4.27.4&#8243; _module_preset=&#8221;default&#8221; theme_builder_area=&#8221;post_content&#8221; hover_enabled=&#8221;0&#8243; sticky_enabled=&#8221;0&#8243; header_font=&#8221;Orbitron||||||||&#8221; header_text_color=&#8221;#FFFFFF&#8221; header_text_align=&#8221;center&#8221; header_font_size=&#8221;36px&#8221; header_font_size_last_edited=&#8221;on|phone&#8221; header_font_size_phone=&#8221;22px&#8221; header_text_align_last_edited=&#8221;on|desktop&#8221; header_font_size_tablet=&#8221;36px&#8221; header_text_align_tablet=&#8221;center&#8221; header_text_align_phone=&#8221;center&#8221;]<\/p>\n<h1><b>Pol\u00edticas de Venta y Recepci\u00f3n de Productos Usados<\/b><\/h1>\n<p>[\/et_pb_text][\/et_pb_column][\/et_pb_row][et_pb_row _builder_version=&#8221;4.27.4&#8243; _module_preset=&#8221;default&#8221; theme_builder_area=&#8221;post_content&#8221; background_color=&#8221;#FFFFFF&#8221; hover_enabled=&#8221;0&#8243; sticky_enabled=&#8221;0&#8243; border_radii=&#8221;on|10px|10px|10px|10px&#8221;][et_pb_column _builder_version=&#8221;4.27.4&#8243; _module_preset=&#8221;default&#8221; type=&#8221;4_4&#8243; theme_builder_area=&#8221;post_content&#8221;][et_pb_text _builder_version=&#8221;4.27.4&#8243; _module_preset=&#8221;default&#8221; theme_builder_area=&#8221;post_content&#8221; header_font=&#8221;Orbitron||||||||&#8221; hover_enabled=&#8221;0&#8243; sticky_enabled=&#8221;0&#8243; custom_padding=&#8221;|20px||20px|false|false&#8221; border_radii=&#8221;on|10px|10px|10px|10px&#8221;]<\/p>\n<h4><b>1. Recepci\u00f3n y Verificaci\u00f3n de Productos<\/b><\/h4>\n<ul>\n<li style=\"font-weight: 400;\" aria-level=\"1\"><b>Revisi\u00f3n de calidad y funcionamiento:<\/b><span style=\"font-weight: 400;\"> Solo ser\u00e1n publicados los art\u00edculos que sean enviados a ProtectGear y que cumplan con los est\u00e1ndares de calidad y funcionamiento, tras una inspecci\u00f3n en nuestro taller.<\/span><\/li>\n<li style=\"font-weight: 400;\" aria-level=\"1\"><b>Verificaci\u00f3n de propiedad y procedencia legal:<\/b><span style=\"font-weight: 400;\"> Se solicitar\u00e1n documentos que acrediten la propiedad del instrumento, como boletas, certificados de compra o una declaraci\u00f3n jurada ante notario.<\/span><\/li>\n<li style=\"font-weight: 400;\" aria-level=\"1\"><b>Identificaci\u00f3n del vendedor:<\/b><span style=\"font-weight: 400;\"> Ser\u00e1 requisito presentar una identificaci\u00f3n oficial vigente (c\u00e9dula de identidad o pasaporte) junto con una fotograf\u00eda del documento.<\/span><\/li>\n<li style=\"font-weight: 400;\" aria-level=\"1\"><b>Productos rechazados:<\/b><span style=\"font-weight: 400;\"> Si un art\u00edculo no cumple con los requisitos, ser\u00e1 devuelto a la sucursal del courier utilizado, con env\u00edo por pagar.<\/span><\/li>\n<\/ul>\n<h4><b>2. Condiciones de Venta y Comisi\u00f3n<\/b><\/h4>\n<ul>\n<li style=\"font-weight: 400;\" aria-level=\"1\"><b>Comisi\u00f3n de ProtectGear:<\/b><span style=\"font-weight: 400;\"> Se aplicar\u00e1 una comisi\u00f3n del 25% sobre el valor total de venta del producto, pactado al momento de la recepci\u00f3n del instrumento o art\u00edculo.<\/span><\/li>\n<li style=\"font-weight: 400;\" aria-level=\"1\"><b>Modificaci\u00f3n del precio de venta:<\/b><span style=\"font-weight: 400;\"> Si el vendedor decide reducir el precio de venta publicado, la comisi\u00f3n previamente acordada en pesos con ProtectGear se mantendr\u00e1 sin modificaciones.<\/span><\/li>\n<li style=\"font-weight: 400;\" aria-level=\"1\"><b>Pol\u00edtica de devoluci\u00f3n por arrepentimiento:<\/b><span style=\"font-weight: 400;\"> En caso de que el vendedor decida retirar su producto despu\u00e9s de haber sido ingresado al sistema, se aplicar\u00e1 un cargo del 20% sobre el valor de venta.<\/span><\/li>\n<\/ul>\n<h4><b>3. Env\u00edos y Responsabilidad del Transporte<\/b><\/h4>\n<ul>\n<li style=\"font-weight: 400;\" aria-level=\"1\"><b>Costos de env\u00edo para garant\u00eda:<\/b><span style=\"font-weight: 400;\"> ProtectGear no asumir\u00e1 los costos de transporte asociados al env\u00edo o recepci\u00f3n de productos bajo condiciones de garant\u00eda. La cobertura de garant\u00eda se extiende por 30 d\u00edas consecutivos desde la recepci\u00f3n del producto.<\/span><\/li>\n<li style=\"font-weight: 400;\" aria-level=\"1\"><b>Responsabilidad en el transporte:<\/b><span style=\"font-weight: 400;\"> ProtectGear no se hace responsable por da\u00f1os ocasionados durante el transporte, como mala manipulaci\u00f3n, golpes, roturas, abolladuras o da\u00f1os en el embalaje. Esto aplica a env\u00edos dentro del pa\u00eds y al extranjero, as\u00ed como a env\u00edos para servicio t\u00e9cnico u otros servicios que requieran la entrega del producto a terceros.<\/span><\/li>\n<\/ul>\n<p><b>Retrasos por fuerza mayor:<span style=\"font-weight: 400;\"> En caso de demoras ocasionadas por fuerza mayor o circunstancias ajenas a la empresa de transporte, esta se encargar\u00e1 de informar sobre cualquier retraso y su reprogramaci\u00f3n.<\/span><\/b><\/p>\n<p>[\/et_pb_text][et_pb_image src=&#8221;https:\/\/www.protectgear.cl\/wp-content\/uploads\/2023\/01\/WEB-PG-PNG_Mesa-de-trabajo-1.png&#8221; _builder_version=&#8221;4.27.4&#8243; _module_preset=&#8221;default&#8221; theme_builder_area=&#8221;post_content&#8221; title_text=&#8221;WEB PG PNG_Mesa de trabajo 1&#8243; align=&#8221;center&#8221; width=&#8221;15%&#8221; hover_enabled=&#8221;0&#8243; sticky_enabled=&#8221;0&#8243; width_last_edited=&#8221;on|phone&#8221; width_phone=&#8221;40%&#8221; width_tablet=&#8221;15%&#8221;][\/et_pb_image][\/et_pb_column][\/et_pb_row][\/et_pb_section]<\/p>\n","protected":false},"excerpt":{"rendered":"<p>Pol\u00edticas de Venta y Recepci\u00f3n de Productos Usados1. Recepci\u00f3n y Verificaci\u00f3n de Productos Revisi\u00f3n de calidad y funcionamiento: Solo ser\u00e1n publicados los art\u00edculos que sean enviados a ProtectGear y que cumplan con los est\u00e1ndares de calidad y funcionamiento, tras una inspecci\u00f3n en nuestro taller. Verificaci\u00f3n de propiedad y procedencia legal: Se solicitar\u00e1n documentos que acrediten [&hellip;]<\/p>\n","protected":false},"author":1,"featured_media":0,"parent":0,"menu_order":0,"comment_status":"closed","ping_status":"closed","template":"","meta":{"_et_pb_use_builder":"on","_et_pb_old_content":"<!-- wp:divi\/placeholder \/-->","_et_gb_content_width":"","footnotes":""},"class_list":["post-1823","page","type-page","status-publish","hentry"],"_links":{"self":[{"href":"https:\/\/www.protectgear.cl\/en\/wp-json\/wp\/v2\/pages\/1823","targetHints":{"allow":["GET"]}}],"collection":[{"href":"https:\/\/www.protectgear.cl\/en\/wp-json\/wp\/v2\/pages"}],"about":[{"href":"https:\/\/www.protectgear.cl\/en\/wp-json\/wp\/v2\/types\/page"}],"author":[{"embeddable":true,"href":"https:\/\/www.protectgear.cl\/en\/wp-json\/wp\/v2\/users\/1"}],"replies":[{"embeddable":true,"href":"https:\/\/www.protectgear.cl\/en\/wp-json\/wp\/v2\/comments?post=1823"}],"version-history":[{"count":5,"href":"https:\/\/www.protectgear.cl\/en\/wp-json\/wp\/v2\/pages\/1823\/revisions"}],"predecessor-version":[{"id":1829,"href":"https:\/\/www.protectgear.cl\/en\/wp-json\/wp\/v2\/pages\/1823\/revisions\/1829"}],"wp:attachment":[{"href":"https:\/\/www.protectgear.cl\/en\/wp-json\/wp\/v2\/media?parent=1823"}],"curies":[{"name":"wp","href":"https:\/\/api.w.org\/{rel}","templated":true}]}}